{"id":6897,"date":"2021-04-19T17:07:04","date_gmt":"2021-04-19T15:07:04","guid":{"rendered":"https:\/\/www.kipech.sk\/?page_id=6897"},"modified":"2022-09-20T15:10:09","modified_gmt":"2022-09-20T13:10:09","slug":"zverejnovanie","status":"publish","type":"page","link":"https:\/\/www.kipech.sk\/?page_id=6897","title":{"rendered":"Zverej\u0148ovanie"},"content":{"rendered":"<p>[vc_row][vc_column][vc_column_text]<a href=\"https:\/\/www.kipech.sk\/wp-content\/uploads\/2021\/04\/0_Vy\u0301zva-na-predloz\u030cenie-CP-Kipech.pdf\" target=\"_blank\" rel=\"noopener\" class=\"broken_link\">Vy\u0301zva na predloz\u030cenie CP Kipech<\/a><br \/>\n<a href=\"https:\/\/www.kipech.sk\/wp-content\/uploads\/2021\/04\/1-S\u030cpecifikcia-predmetu_Na\u0301vrh-na-plnenie-krite\u0301ria.xlsx\" target=\"_blank\" rel=\"noopener\" class=\"broken_link\">S\u030cpecifikcia predmetu_Na\u0301vrh na plnenie krite\u0301ria<\/a><br \/>\n<a href=\"https:\/\/www.kipech.sk\/wp-content\/uploads\/2021\/04\/3_Vyhla\u0301senie-ucha\u0301dzac\u030ca.docx\" target=\"_blank\" rel=\"noopener\" class=\"broken_link\">Vyhla\u0301senie ucha\u0301dzac\u030ca<\/a><br \/>\n<a href=\"https:\/\/www.kipech.sk\/wp-content\/uploads\/2021\/05\/Zaznam-z-otvarania-a-vyhodnotenia-ponuk-laser-deliaci-stroj.pdf\" target=\"_blank\" rel=\"noopener\">Z\u00e1znam z otv\u00e1rania a vyhodnotenia pon\u00fak laser deliaci stroj<\/a>[\/vc_column_text][vc_empty_space height=&#8220;132px&#8220;][vc_column_text]<strong>Zverejnen\u00e1 k\u00fapna zmluva:<\/strong><\/p>\n<p><a href=\"https:\/\/www.kipech.sk\/wp-content\/uploads\/2021\/10\/Ku\u0301pna-zmluva.pdf\" class=\"broken_link\">N\u00e1h\u013ead zmluvy (.pdf)<\/a>[\/vc_column_text][vc_empty_space height=&#8220;132px&#8220;][\/vc_column][\/vc_row]<\/p>\n","protected":false},"excerpt":{"rendered":"<p>[vc_row][vc_column][vc_column_text]Vy\u0301zva na predloz\u030cenie CP Kipech S\u030cpecifikcia predmetu_Na\u0301vrh na plnenie krite\u0301ria Vyhla\u0301senie ucha\u0301dzac\u030ca Z\u00e1znam z otv\u00e1rania a vyhodnotenia pon\u00fak laser deliaci stroj[\/vc_column_text][vc_empty_space&#8230;<\/p>\n","protected":false},"author":1,"featured_media":0,"parent":0,"menu_order":0,"comment_status":"closed","ping_status":"closed","template":"","meta":[],"_links":{"self":[{"href":"https:\/\/www.kipech.sk\/index.php?rest_route=\/wp\/v2\/pages\/6897"}],"collection":[{"href":"https:\/\/www.kipech.sk\/index.php?rest_route=\/wp\/v2\/pages"}],"about":[{"href":"https:\/\/www.kipech.sk\/index.php?rest_route=\/wp\/v2\/types\/page"}],"author":[{"embeddable":true,"href":"https:\/\/www.kipech.sk\/index.php?rest_route=\/wp\/v2\/users\/1"}],"replies":[{"embeddable":true,"href":"https:\/\/www.kipech.sk\/index.php?rest_route=%2Fwp%2Fv2%2Fcomments&post=6897"}],"version-history":[{"count":9,"href":"https:\/\/www.kipech.sk\/index.php?rest_route=\/wp\/v2\/pages\/6897\/revisions"}],"predecessor-version":[{"id":6947,"href":"https:\/\/www.kipech.sk\/index.php?rest_route=\/wp\/v2\/pages\/6897\/revisions\/6947"}],"wp:attachment":[{"href":"https:\/\/www.kipech.sk\/index.php?rest_route=%2Fwp%2Fv2%2Fmedia&parent=6897"}],"curies":[{"name":"wp","href":"https:\/\/api.w.org\/{rel}","templated":true}]}}