{"id":6831,"date":"2019-11-15T09:40:41","date_gmt":"2019-11-15T08:40:41","guid":{"rendered":"https:\/\/www.kipech.sk\/?page_id=6831"},"modified":"2026-03-23T11:37:34","modified_gmt":"2026-03-23T10:37:34","slug":"contact","status":"publish","type":"page","link":"https:\/\/www.kipech.sk\/?page_id=6831&lang=en","title":{"rendered":"Contact"},"content":{"rendered":"<p>[vc_row][vc_column][vc_column_text][\/vc_column_text][\/vc_column][\/vc_row][vc_row content_width=&#8220;grid&#8220; css=&#8220;.vc_custom_1564392391627{padding-top: 30px !important;padding-bottom: 30px !important;background-color: #f5f5f5 !important;}&#8220; el_class=&#8220;kontakty&#8220;][vc_column width=&#8220;1\/2&#8243; el_class=&#8220;kontakt-info&#8220;][vc_column_text]<\/p>\n<h2>Kipech Production Hotel s.r.o.<\/h2>\n<p>[\/vc_column_text][vc_empty_space height=&#8220;20px&#8220;]<div class=\"qodef-iwt clearfix qodef-iwt-left-from-title qodef-iwt-icon-tiny\">\n    <div class=\"qodef-iwt-content-holder\">\n        <div class=\"qodef-iwt-icon-title-holder\">\n            <div class=\"qodef-iwt-icon-holder\">\n                                    \n    <span class=\"qodef-icon-shortcode circle qodef-icon-tiny\" style=\"background-color: #8c8c8c\" data-color=\"#ffffff\">\n        \n        <i class=\"qodef-icon-font-awesome fa fa-map-marker qodef-icon-element\" style=\"color: #ffffff\" ><\/i>\n            <\/span>\n\n                            <\/div>\n                            <div class=\"qodef-iwt-title-holder\">\n                    <h4 style=\"color: #6f6f6f\">Priemyseln\u00e1 534, Kapu\u0161any 082 12, Slovakia<\/h4>\n                 <\/div>\n                    <\/div>\n        <div class=\"qodef-iwt-text-holder\">\n            <p ><\/p>\n\n                    <\/div>\n    <\/div>\n<\/div><div class=\"qodef-iwt clearfix qodef-iwt-left-from-title qodef-iwt-icon-tiny\">\n    <div class=\"qodef-iwt-content-holder\">\n        <div class=\"qodef-iwt-icon-title-holder\">\n            <div class=\"qodef-iwt-icon-holder\">\n                                    \n    <span class=\"qodef-icon-shortcode circle qodef-icon-tiny\" style=\"background-color: #8c8c8c\" data-color=\"#ffffff\">\n        \n        <i class=\"qodef-icon-font-awesome fa fa-phone qodef-icon-element\" style=\"color: #ffffff\" ><\/i>\n            <\/span>\n\n                            <\/div>\n                            <div class=\"qodef-iwt-title-holder\">\n                    <h4 style=\"color: #6f6f6f\">+421 517 484 750-1<\/h4>\n                 <\/div>\n                    <\/div>\n        <div class=\"qodef-iwt-text-holder\">\n            <p ><\/p>\n\n                    <\/div>\n    <\/div>\n<\/div>[\/vc_column][vc_column width=&#8220;1\/2&#8243;][vc_column_text]<iframe loading=\"lazy\" style=\"border: 0;\" src=\"https:\/\/www.google.com\/maps\/embed?pb=!1m18!1m12!1m3!1d41844.05889542228!2d21.298124678710977!3d49.0437999633528!2m3!1f0!2f0!3f0!3m2!1i1024!2i768!4f13.1!3m3!1m2!1s0x0%3A0xefa8d5c1e3c3d98d!2sKipech+Production+Hotel+s.r.o.!5e0!3m2!1ssk!2ssk!4v1563781185699!5m2!1ssk!2ssk\" width=\"100%\" height=\"250\" frameborder=\"0\" allowfullscreen=\"allowfullscreen\"><\/iframe>[\/vc_column_text][\/vc_column][\/vc_row][vc_row][vc_column][vc_column_text][\/vc_column_text][\/vc_column][\/vc_row][vc_row content_width=&#8220;grid&#8220;][vc_column][vc_empty_space height=&#8220;60px&#8220;][\/vc_column][\/vc_row][vc_row content_width=&#8220;grid&#8220; el_class=&#8220;team&#8220;][vc_column width=&#8220;1\/4&#8243;][\/vc_column][vc_column width=&#8220;1\/4&#8243; el_class=&#8220;contact&#8220;]\n<div class=\"qodef-team main-info-below-image\">\n\t<div class=\"qodef-team-inner\">\n\t\t\t\t\t<div class=\"qodef-team-image\">\n\t\t\t\t<img src=\"https:\/\/www.kipech.sk\/wp-content\/uploads\/2019\/07\/christiansen-1.jpg\" alt=\"qodef-team-image\"\/>\n\t\t\t\t<div class=\"qodef-team-position-holder\">\n\t\t\t\t\t<div class=\"qodef-circle-animate\"><\/div>\n\t\t\t\t\t<div class=\"qodef-team-position-icon\">\n\t\t\t\t\t\t\n    <span class=\"qodef-icon-shortcode circle \"  >\n        \n        <i class=\"qodef-icon-simple-line-icon icon-briefcase qodef-icon-element\" style=\"\" ><\/i>\n            <\/span>\n\n\t\t\t\t\t<\/div>\n\t\t\t\t\t\t\t\t\t\t\t<h6 class=\"q_team_position\">Strategy &amp; Projects director<\/h6>\n\t\t\t\t\t\t\t\t\t<\/div>\n\t\t\t<\/div>\n\t\t\n\t\t\t\t\t<div class=\"qodef-team-info\">\n\t\t\t\t\t\t\t\t\t<div class=\"qodef-team-title-holder\">\n\t\t\t\t\t\t\t\t\t\t\t\t\t<h5 class=\"qodef-team-name\">\n\t\t\t\t\t\t\t\tPer Christiansen\t\t\t\t\t\t\t<\/h5>\n\t\t\t\t\t\t\t\t\t\t\t\t\n\t\t\t\t\t<\/div>\n\t\t\t\t\n\t\t\t\t\t\t<\/div>\n\t<\/div>\n<\/div>[vc_column_text]<\/p>\n<p style=\"text-align: center;\"><i class=\"fas fa-phone-alt\"><\/i> +45 661 655 91<\/p>\n<p style=\"text-align: center;\"><i class=\"fas fa-envelope\"><\/i> per.christiansen@kipech.dk<\/p>\n<p>[\/vc_column_text][vc_empty_space height=&#8220;30px&#8220;][\/vc_column][vc_column width=&#8220;1\/4&#8243;]\n<div class=\"qodef-team main-info-below-image\">\n\t<div class=\"qodef-team-inner\">\n\t\t\t\t\t<div class=\"qodef-team-image\">\n\t\t\t\t<img src=\"https:\/\/www.kipech.sk\/wp-content\/uploads\/2019\/07\/ferenc-1.jpg\" alt=\"qodef-team-image\"\/>\n\t\t\t\t<div class=\"qodef-team-position-holder\">\n\t\t\t\t\t<div class=\"qodef-circle-animate\"><\/div>\n\t\t\t\t\t<div class=\"qodef-team-position-icon\">\n\t\t\t\t\t\t\n    <span class=\"qodef-icon-shortcode circle \"  >\n        \n        <i class=\"qodef-icon-simple-line-icon icon-people qodef-icon-element\" style=\"\" ><\/i>\n            <\/span>\n\n\t\t\t\t\t<\/div>\n\t\t\t\t\t\t\t\t\t\t\t<h6 class=\"q_team_position\">Company director<\/h6>\n\t\t\t\t\t\t\t\t\t<\/div>\n\t\t\t<\/div>\n\t\t\n\t\t\t\t\t<div class=\"qodef-team-info\">\n\t\t\t\t\t\t\t\t\t<div class=\"qodef-team-title-holder\">\n\t\t\t\t\t\t\t\t\t\t\t\t\t<h5 class=\"qodef-team-name\">\n\t\t\t\t\t\t\t\tIng. Jozef Ferenc\t\t\t\t\t\t\t<\/h5>\n\t\t\t\t\t\t\t\t\t\t\t\t\n\t\t\t\t\t<\/div>\n\t\t\t\t\n\t\t\t\t\t\t<\/div>\n\t<\/div>\n<\/div>[vc_column_text]<\/p>\n<p style=\"text-align: center;\"><i class=\"fas fa-phone-alt\"><\/i> +421 908 996 869<\/p>\n<p style=\"text-align: center;\"><i class=\"fas fa-envelope\"><\/i> jf@kipech.sk<\/p>\n<p>[\/vc_column_text][vc_empty_space height=&#8220;30px&#8220;][\/vc_column][vc_column width=&#8220;1\/4&#8243;][\/vc_column][\/vc_row][vc_row content_width=&#8220;grid&#8220; el_class=&#8220;team&#8220;][vc_column width=&#8220;1\/4&#8243;]\n<div class=\"qodef-team main-info-below-image\">\n\t<div class=\"qodef-team-inner\">\n\t\t\n\t\t\t\t\t<div class=\"qodef-team-info\">\n\t\t\t\t\t\t\t\t\t<div class=\"qodef-team-title-holder\">\n\t\t\t\t\t\t\t\t\t\t\t\t\t<h5 class=\"qodef-team-name\">\n\t\t\t\t\t\t\t\tRadovan Jur\u010di\u0161in\t\t\t\t\t\t\t<\/h5>\n\t\t\t\t\t\t\t\t\t\t\t\t\n\t\t\t\t\t<\/div>\n\t\t\t\t\n\t\t\t\t\t\t\t\t\t<div class='qodef-team-text'>\n\t\t\t\t\t\t<div class='qodef-team-text-inner'>\n\t\t\t\t\t\t\t<div class='qodef-team-description'>\n\t\t\t\t\t\t\t\t<p>Project leader<\/p>\n\t\t\t\t\t\t\t<\/div>\n\t\t\t\t\t\t<\/div>\n\t\t\t\t\t<\/div>\n\t\t\t\t\t\t<\/div>\n\t<\/div>\n<\/div>[vc_column_text]<\/p>\n<p style=\"text-align: center;\"><i class=\"fas fa-phone-alt\"><\/i> +421 910 908 491<\/p>\n<p style=\"text-align: center;\"><i class=\"fas fa-envelope\"><\/i> rj@kipech.sk<\/p>\n<p>[\/vc_column_text][vc_empty_space height=&#8220;30px&#8220;][\/vc_column][vc_column width=&#8220;1\/4&#8243;]\n<div class=\"qodef-team main-info-below-image\">\n\t<div class=\"qodef-team-inner\">\n\t\t\n\t\t\t\t\t<div class=\"qodef-team-info\">\n\t\t\t\t\t\t\t\t\t<div class=\"qodef-team-title-holder\">\n\t\t\t\t\t\t\t\t\t\t\t\t\t<h5 class=\"qodef-team-name\">\n\t\t\t\t\t\t\t\tIng. Luk\u00e1\u0161 Pa\u013ea\t\t\t\t\t\t\t<\/h5>\n\t\t\t\t\t\t\t\t\t\t\t\t\n\t\t\t\t\t<\/div>\n\t\t\t\t\n\t\t\t\t\t\t\t\t\t<div class='qodef-team-text'>\n\t\t\t\t\t\t<div class='qodef-team-text-inner'>\n\t\t\t\t\t\t\t<div class='qodef-team-description'>\n\t\t\t\t\t\t\t\t<p>Project leader<\/p>\n\t\t\t\t\t\t\t<\/div>\n\t\t\t\t\t\t<\/div>\n\t\t\t\t\t<\/div>\n\t\t\t\t\t\t<\/div>\n\t<\/div>\n<\/div>[vc_column_text]<\/p>\n<p style=\"text-align: center;\"><i class=\"fas fa-envelope\"><\/i> lp@kipech.sk<\/p>\n<p>[\/vc_column_text][vc_empty_space height=&#8220;30px&#8220;][\/vc_column][vc_column width=&#8220;1\/4&#8243;]\n<div class=\"qodef-team main-info-below-image\">\n\t<div class=\"qodef-team-inner\">\n\t\t\n\t\t\t\t\t<div class=\"qodef-team-info\">\n\t\t\t\t\t\t\t\t\t<div class=\"qodef-team-title-holder\">\n\t\t\t\t\t\t\t\t\t\t\t\t\t<h5 class=\"qodef-team-name\">\n\t\t\t\t\t\t\t\tIng. J\u00e1n Gabriely\t\t\t\t\t\t\t<\/h5>\n\t\t\t\t\t\t\t\t\t\t\t\t\n\t\t\t\t\t<\/div>\n\t\t\t\t\n\t\t\t\t\t\t\t\t\t<div class='qodef-team-text'>\n\t\t\t\t\t\t<div class='qodef-team-text-inner'>\n\t\t\t\t\t\t\t<div class='qodef-team-description'>\n\t\t\t\t\t\t\t\t<p>Project leader<\/p>\n\t\t\t\t\t\t\t<\/div>\n\t\t\t\t\t\t<\/div>\n\t\t\t\t\t<\/div>\n\t\t\t\t\t\t<\/div>\n\t<\/div>\n<\/div>[vc_column_text]<\/p>\n<p style=\"text-align: center;\"><i class=\"fas fa-envelope\"><\/i> jg@kipech.sk<\/p>\n<p>[\/vc_column_text][vc_empty_space height=&#8220;30px&#8220;][\/vc_column][vc_column width=&#8220;1\/4&#8243;]\n<div class=\"qodef-team main-info-below-image\">\n\t<div class=\"qodef-team-inner\">\n\t\t\n\t\t\t\t\t<div class=\"qodef-team-info\">\n\t\t\t\t\t\t\t\t\t<div class=\"qodef-team-title-holder\">\n\t\t\t\t\t\t\t\t\t\t\t\t\t<h5 class=\"qodef-team-name\">\n\t\t\t\t\t\t\t\tIng. Radovan Renner\t\t\t\t\t\t\t<\/h5>\n\t\t\t\t\t\t\t\t\t\t\t\t\n\t\t\t\t\t<\/div>\n\t\t\t\t\n\t\t\t\t\t\t\t\t\t<div class='qodef-team-text'>\n\t\t\t\t\t\t<div class='qodef-team-text-inner'>\n\t\t\t\t\t\t\t<div class='qodef-team-description'>\n\t\t\t\t\t\t\t\t<p>Project leader<\/p>\n\t\t\t\t\t\t\t<\/div>\n\t\t\t\t\t\t<\/div>\n\t\t\t\t\t<\/div>\n\t\t\t\t\t\t<\/div>\n\t<\/div>\n<\/div>[vc_column_text]<\/p>\n<p style=\"text-align: center;\"><i class=\"fas fa-envelope\"><\/i> rr@kipech.sk<\/p>\n<p>[\/vc_column_text][vc_empty_space height=&#8220;30px&#8220;][\/vc_column][\/vc_row][vc_row content_width=&#8220;grid&#8220; el_class=&#8220;team&#8220;][vc_column width=&#8220;1\/4&#8243;]\n<div class=\"qodef-team main-info-below-image\">\n\t<div class=\"qodef-team-inner\">\n\t\t\n\t\t\t\t\t<div class=\"qodef-team-info\">\n\t\t\t\t\t\t\t\t\t<div class=\"qodef-team-title-holder\">\n\t\t\t\t\t\t\t\t\t\t\t\t\t<h5 class=\"qodef-team-name\">\n\t\t\t\t\t\t\t\tMiroslav \u0160oltys\t\t\t\t\t\t\t<\/h5>\n\t\t\t\t\t\t\t\t\t\t\t\t\n\t\t\t\t\t<\/div>\n\t\t\t\t\n\t\t\t\t\t\t\t\t\t<div class='qodef-team-text'>\n\t\t\t\t\t\t<div class='qodef-team-text-inner'>\n\t\t\t\t\t\t\t<div class='qodef-team-description'>\n\t\t\t\t\t\t\t\t<p>head of the powder coating shop<\/p>\n\t\t\t\t\t\t\t<\/div>\n\t\t\t\t\t\t<\/div>\n\t\t\t\t\t<\/div>\n\t\t\t\t\t\t<\/div>\n\t<\/div>\n<\/div>[vc_column_text]<\/p>\n<p style=\"text-align: center;\"><i class=\"fas fa-phone-alt\"><\/i> +421 948 941 406<\/p>\n<p style=\"text-align: center;\"><i class=\"fas fa-envelope\"><\/i> mso@kipech.sk<\/p>\n<p>[\/vc_column_text][vc_empty_space height=&#8220;30px&#8220;][\/vc_column][vc_column width=&#8220;1\/4&#8243;]\n<div class=\"qodef-team main-info-below-image\">\n\t<div class=\"qodef-team-inner\">\n\t\t\n\t\t\t\t\t<div class=\"qodef-team-info\">\n\t\t\t\t\t\t\t\t\t<div class=\"qodef-team-title-holder\">\n\t\t\t\t\t\t\t\t\t\t\t\t\t<h5 class=\"qodef-team-name\">\n\t\t\t\t\t\t\t\tIng. \u013dubom\u00edr Sobek\t\t\t\t\t\t\t<\/h5>\n\t\t\t\t\t\t\t\t\t\t\t\t\n\t\t\t\t\t<\/div>\n\t\t\t\t\n\t\t\t\t\t\t\t\t\t<div class='qodef-team-text'>\n\t\t\t\t\t\t<div class='qodef-team-text-inner'>\n\t\t\t\t\t\t\t<div class='qodef-team-description'>\n\t\t\t\t\t\t\t\t<p>Laser manager<\/p>\n\t\t\t\t\t\t\t<\/div>\n\t\t\t\t\t\t<\/div>\n\t\t\t\t\t<\/div>\n\t\t\t\t\t\t<\/div>\n\t<\/div>\n<\/div>[vc_column_text]<\/p>\n<p style=\"text-align: center;\"><i class=\"fas fa-phone-alt\"><\/i> +421 911 942 661<\/p>\n<p style=\"text-align: center;\"><i class=\"fas fa-envelope\"><\/i> ls@kipech.sk<\/p>\n<p>[\/vc_column_text][vc_empty_space height=&#8220;30px&#8220;][\/vc_column][vc_column width=&#8220;1\/4&#8243;]\n<div class=\"qodef-team main-info-below-image\">\n\t<div class=\"qodef-team-inner\">\n\t\t\n\t\t\t\t\t<div class=\"qodef-team-info\">\n\t\t\t\t\t\t\t\t\t<div class=\"qodef-team-title-holder\">\n\t\t\t\t\t\t\t\t\t\t\t\t\t<h5 class=\"qodef-team-name\">\n\t\t\t\t\t\t\t\tImrich Malinovsk\u00fd\t\t\t\t\t\t\t<\/h5>\n\t\t\t\t\t\t\t\t\t\t\t\t\n\t\t\t\t\t<\/div>\n\t\t\t\t\n\t\t\t\t\t\t\t\t\t<div class='qodef-team-text'>\n\t\t\t\t\t\t<div class='qodef-team-text-inner'>\n\t\t\t\t\t\t\t<div class='qodef-team-description'>\n\t\t\t\t\t\t\t\t<p>Purchaser<\/p>\n\t\t\t\t\t\t\t<\/div>\n\t\t\t\t\t\t<\/div>\n\t\t\t\t\t<\/div>\n\t\t\t\t\t\t<\/div>\n\t<\/div>\n<\/div>[vc_column_text]<\/p>\n<p style=\"text-align: center;\"><i class=\"fas fa-envelope\"><\/i>im@kipech.sk<\/p>\n<p>[\/vc_column_text][vc_empty_space height=&#8220;30px&#8220;][\/vc_column][vc_column width=&#8220;1\/4&#8243;]\n<div class=\"qodef-team main-info-below-image\">\n\t<div class=\"qodef-team-inner\">\n\t\t\n\t\t\t\t\t<div class=\"qodef-team-info\">\n\t\t\t\t\t\t\t\t\t<div class=\"qodef-team-title-holder\">\n\t\t\t\t\t\t\t\t\t\t\t\t\t<h5 class=\"qodef-team-name\">\n\t\t\t\t\t\t\t\tPeter Ko\u010di\u0161\t\t\t\t\t\t\t<\/h5>\n\t\t\t\t\t\t\t\t\t\t\t\t\n\t\t\t\t\t<\/div>\n\t\t\t\t\n\t\t\t\t\t\t\t\t\t<div class='qodef-team-text'>\n\t\t\t\t\t\t<div class='qodef-team-text-inner'>\n\t\t\t\t\t\t\t<div class='qodef-team-description'>\n\t\t\t\t\t\t\t\t<p>Workshop supervisor<\/p>\n\t\t\t\t\t\t\t<\/div>\n\t\t\t\t\t\t<\/div>\n\t\t\t\t\t<\/div>\n\t\t\t\t\t\t<\/div>\n\t<\/div>\n<\/div>[vc_column_text]<\/p>\n<p style=\"text-align: center;\"><i class=\"fas fa-envelope\"><\/i> pk@kipech.sk<\/p>\n<p>[\/vc_column_text][vc_empty_space height=&#8220;30px&#8220;][\/vc_column][\/vc_row][vc_row content_width=&#8220;grid&#8220; el_class=&#8220;team&#8220;][vc_column width=&#8220;1\/4&#8243;][\/vc_column][vc_column width=&#8220;1\/4&#8243;]\n<div class=\"qodef-team main-info-below-image\">\n\t<div class=\"qodef-team-inner\">\n\t\t\n\t\t\t\t\t<div class=\"qodef-team-info\">\n\t\t\t\t\t\t\t\t\t<div class=\"qodef-team-title-holder\">\n\t\t\t\t\t\t\t\t\t\t\t\t\t<h5 class=\"qodef-team-name\">\n\t\t\t\t\t\t\t\tIng. Martina Ferencov\u00e1\t\t\t\t\t\t\t<\/h5>\n\t\t\t\t\t\t\t\t\t\t\t\t\n\t\t\t\t\t<\/div>\n\t\t\t\t\n\t\t\t\t\t\t\t\t\t<div class='qodef-team-text'>\n\t\t\t\t\t\t<div class='qodef-team-text-inner'>\n\t\t\t\t\t\t\t<div class='qodef-team-description'>\n\t\t\t\t\t\t\t\t<p>Bookkeeping<\/p>\n\t\t\t\t\t\t\t<\/div>\n\t\t\t\t\t\t<\/div>\n\t\t\t\t\t<\/div>\n\t\t\t\t\t\t<\/div>\n\t<\/div>\n<\/div>[vc_column_text]<\/p>\n<p style=\"text-align: center;\"><i class=\"fas fa-envelope\"><\/i> mf@kipech.sk<\/p>\n<p>[\/vc_column_text][vc_empty_space height=&#8220;30px&#8220;][\/vc_column][vc_column width=&#8220;1\/4&#8243;]\n<div class=\"qodef-team main-info-below-image\">\n\t<div class=\"qodef-team-inner\">\n\t\t\n\t\t\t\t\t<div class=\"qodef-team-info\">\n\t\t\t\t\t\t\t\t\t<div class=\"qodef-team-title-holder\">\n\t\t\t\t\t\t\t\t\t\t\t\t\t<h5 class=\"qodef-team-name\">\n\t\t\t\t\t\t\t\tMgr. Adriana Petru\u0161ov\u00e1\t\t\t\t\t\t\t<\/h5>\n\t\t\t\t\t\t\t\t\t\t\t\t\n\t\t\t\t\t<\/div>\n\t\t\t\t\n\t\t\t\t\t\t\t\t\t<div class='qodef-team-text'>\n\t\t\t\t\t\t<div class='qodef-team-text-inner'>\n\t\t\t\t\t\t\t<div class='qodef-team-description'>\n\t\t\t\t\t\t\t\t<p>Office&amp;Invoicing<\/p>\n\t\t\t\t\t\t\t<\/div>\n\t\t\t\t\t\t<\/div>\n\t\t\t\t\t<\/div>\n\t\t\t\t\t\t<\/div>\n\t<\/div>\n<\/div>[vc_column_text]<\/p>\n<p style=\"text-align: center;\"><i class=\"fas fa-envelope\"><\/i> ap@kipech.sk<\/p>\n<p>[\/vc_column_text][vc_empty_space height=&#8220;30px&#8220;][\/vc_column][vc_column width=&#8220;1\/4&#8243;][\/vc_column][\/vc_row][vc_row content_width=&#8220;grid&#8220;][vc_column][vc_empty_space height=&#8220;30px&#8220;][\/vc_column][\/vc_row][vc_row content_width=&#8220;grid&#8220; css=&#8220;.vc_custom_1564392416667{padding-top: 30px !important;padding-bottom: 30px !important;background-color: #f5f5f5 !important;}&#8220; el_class=&#8220;kontakty&#8220;][vc_column width=&#8220;1\/2&#8243; el_class=&#8220;kontakt-info&#8220;][vc_column_text]<\/p>\n<h2>Kipech Mounting s.r.o.<\/h2>\n<p>[\/vc_column_text][vc_empty_space height=&#8220;20px&#8220;]<div class=\"qodef-iwt clearfix qodef-iwt-left-from-title qodef-iwt-icon-tiny\">\n    <div class=\"qodef-iwt-content-holder\">\n        <div class=\"qodef-iwt-icon-title-holder\">\n            <div class=\"qodef-iwt-icon-holder\">\n                                    \n    <span class=\"qodef-icon-shortcode circle qodef-icon-tiny\" style=\"background-color: #8c8c8c\" data-color=\"#ffffff\">\n        \n        <i class=\"qodef-icon-font-awesome fa fa-map-marker qodef-icon-element\" style=\"color: #ffffff\" ><\/i>\n            <\/span>\n\n                            <\/div>\n                            <div class=\"qodef-iwt-title-holder\">\n                    <h4 style=\"color: #6f6f6f\">Jilemnick\u00e9ho 3, 080 01 Pre\u0161ov, Slovakia<\/h4>\n                 <\/div>\n                    <\/div>\n        <div class=\"qodef-iwt-text-holder\">\n            <p ><\/p>\n\n                    <\/div>\n    <\/div>\n<\/div>[\/vc_column][vc_column width=&#8220;1\/2&#8243;][vc_column_text]<iframe loading=\"lazy\" style=\"border: 0;\" src=\"https:\/\/www.google.com\/maps\/embed?pb=!1m18!1m12!1m3!1d167375.5919034794!2d21.19306196991165!3d49.043991208082076!2m3!1f0!2f0!3f0!3m2!1i1024!2i768!4f13.1!3m3!1m2!1s0x473eed99bde53ddd%3A0x1eb7d8cc05f29301!2sKIPECH+Mounting+s.r.o.!5e0!3m2!1ssk!2ssk!4v1563782131591!5m2!1ssk!2ssk\" width=\"100%\" height=\"250\" frameborder=\"0\" allowfullscreen=\"allowfullscreen\"><span data-mce-type=\"bookmark\" style=\"display: inline-block; width: 0px; overflow: hidden; line-height: 0;\" class=\"mce_SELRES_start\">\ufeff<\/span><\/iframe>[\/vc_column_text][\/vc_column][\/vc_row][vc_row content_width=&#8220;grid&#8220;][vc_column][vc_empty_space height=&#8220;60px&#8220;][\/vc_column][\/vc_row][vc_row content_width=&#8220;grid&#8220; content_aligment=&#8220;center&#8220; css=&#8220;.vc_custom_1563783858536{padding-bottom: 28px !important;}&#8220; el_class=&#8220;team&#8220;][vc_column width=&#8220;1\/4&#8243;][\/vc_column][vc_column width=&#8220;1\/4&#8243;]\n<div class=\"qodef-team main-info-below-image\">\n\t<div class=\"qodef-team-inner\">\n\t\t\t\t\t<div class=\"qodef-team-image\">\n\t\t\t\t<img src=\"https:\/\/www.kipech.sk\/wp-content\/uploads\/2019\/11\/safko-1.jpg\" alt=\"qodef-team-image\"\/>\n\t\t\t\t<div class=\"qodef-team-position-holder\">\n\t\t\t\t\t<div class=\"qodef-circle-animate\"><\/div>\n\t\t\t\t\t<div class=\"qodef-team-position-icon\">\n\t\t\t\t\t\t\n    <span class=\"qodef-icon-shortcode circle \"  >\n        \n        <i class=\"qodef-icon-simple-line-icon icon-people qodef-icon-element\" style=\"\" ><\/i>\n            <\/span>\n\n\t\t\t\t\t<\/div>\n\t\t\t\t\t\t\t\t\t\t\t<h6 class=\"q_team_position\">Company director<\/h6>\n\t\t\t\t\t\t\t\t\t<\/div>\n\t\t\t<\/div>\n\t\t\n\t\t\t\t\t<div class=\"qodef-team-info\">\n\t\t\t\t\t\t\t\t\t<div class=\"qodef-team-title-holder\">\n\t\t\t\t\t\t\t\t\t\t\t\t\t<h5 class=\"qodef-team-name\">\n\t\t\t\t\t\t\t\tIng. Milan Safko\t\t\t\t\t\t\t<\/h5>\n\t\t\t\t\t\t\t\t\t\t\t\t\n\t\t\t\t\t<\/div>\n\t\t\t\t\n\t\t\t\t\t\t\t\t\t<div class='qodef-team-text'>\n\t\t\t\t\t\t<div class='qodef-team-text-inner'>\n\t\t\t\t\t\t\t<div class='qodef-team-description'>\n\t\t\t\t\t\t\t\t<p>Company director<\/p>\n\t\t\t\t\t\t\t<\/div>\n\t\t\t\t\t\t<\/div>\n\t\t\t\t\t<\/div>\n\t\t\t\t\t\t<\/div>\n\t<\/div>\n<\/div>[vc_column_text]<\/p>\n<p style=\"text-align: center;\"><i class=\"fas fa-phone-alt\"><\/i> +421 907 511 923<\/p>\n<p style=\"text-align: center;\"><i class=\"fas fa-envelope\"><\/i> ms@kipech.sk<\/p>\n<p>[\/vc_column_text][vc_empty_space height=&#8220;30px&#8220;][\/vc_column][vc_column width=&#8220;1\/4&#8243;]\n<div class=\"qodef-team main-info-below-image\">\n\t<div class=\"qodef-team-inner\">\n\t\t\n\t\t\t\t\t<div class=\"qodef-team-info\">\n\t\t\t\t\t\t\t\t\t<div class=\"qodef-team-title-holder\">\n\t\t\t\t\t\t\t\t\t\t\t\t\t<h5 class=\"qodef-team-name\">\n\t\t\t\t\t\t\t\tJozef Jaco\t\t\t\t\t\t\t<\/h5>\n\t\t\t\t\t\t\t\t\t\t\t\t\n\t\t\t\t\t<\/div>\n\t\t\t\t\n\t\t\t\t\t\t\t\t\t<div class='qodef-team-text'>\n\t\t\t\t\t\t<div class='qodef-team-text-inner'>\n\t\t\t\t\t\t\t<div class='qodef-team-description'>\n\t\t\t\t\t\t\t\t<p>Production manager<\/p>\n\t\t\t\t\t\t\t<\/div>\n\t\t\t\t\t\t<\/div>\n\t\t\t\t\t<\/div>\n\t\t\t\t\t\t<\/div>\n\t<\/div>\n<\/div>[vc_column_text]<\/p>\n<p style=\"text-align: center;\"><i class=\"fas fa-phone-alt\"><\/i> +421 918 186 385<\/p>\n<p style=\"text-align: center;\"><i class=\"fas fa-envelope\"><\/i> jj@kipech.sk<\/p>\n<p>[\/vc_column_text][vc_empty_space height=&#8220;30px&#8220;][\/vc_column][vc_column width=&#8220;1\/4&#8243;][\/vc_column][\/vc_row]<\/p>\n","protected":false},"excerpt":{"rendered":"<p>[vc_row][vc_column][vc_column_text][\/vc_column_text][\/vc_column][\/vc_row][vc_row content_width=&#8220;grid&#8220; css=&#8220;.vc_custom_1564392391627{padding-top: 30px !important;padding-bottom: 30px !important;background-color: #f5f5f5 !important;}&#8220; el_class=&#8220;kontakty&#8220;][vc_column width=&#8220;1\/2&#8243; el_class=&#8220;kontakt-info&#8220;][vc_column_text] Kipech Production Hotel s.r.o. [\/vc_column_text][vc_empty_space height=&#8220;20px&#8220;][\/vc_column][vc_column width=&#8220;1\/2&#8243;][vc_column_text][\/vc_column_text][\/vc_column][\/vc_row][vc_row][vc_column][vc_column_text][\/vc_column_text][\/vc_column][\/vc_row][vc_row content_width=&#8220;grid&#8220;][vc_column][vc_empty_space height=&#8220;60px&#8220;][\/vc_column][\/vc_row][vc_row&#8230;<\/p>\n","protected":false},"author":1,"featured_media":0,"parent":0,"menu_order":0,"comment_status":"closed","ping_status":"closed","template":"full-width.php","meta":[],"_links":{"self":[{"href":"https:\/\/www.kipech.sk\/index.php?rest_route=\/wp\/v2\/pages\/6831"}],"collection":[{"href":"https:\/\/www.kipech.sk\/index.php?rest_route=\/wp\/v2\/pages"}],"about":[{"href":"https:\/\/www.kipech.sk\/index.php?rest_route=\/wp\/v2\/types\/page"}],"author":[{"embeddable":true,"href":"https:\/\/www.kipech.sk\/index.php?rest_route=\/wp\/v2\/users\/1"}],"replies":[{"embeddable":true,"href":"https:\/\/www.kipech.sk\/index.php?rest_route=%2Fwp%2Fv2%2Fcomments&post=6831"}],"version-history":[{"count":9,"href":"https:\/\/www.kipech.sk\/index.php?rest_route=\/wp\/v2\/pages\/6831\/revisions"}],"predecessor-version":[{"id":7046,"href":"https:\/\/www.kipech.sk\/index.php?rest_route=\/wp\/v2\/pages\/6831\/revisions\/7046"}],"wp:attachment":[{"href":"https:\/\/www.kipech.sk\/index.php?rest_route=%2Fwp%2Fv2%2Fmedia&parent=6831"}],"curies":[{"name":"wp","href":"https:\/\/api.w.org\/{rel}","templated":true}]}}